{"id":78,"date":"2024-07-05T19:25:55","date_gmt":"2024-07-05T19:25:55","guid":{"rendered":"https:\/\/howlita.nl\/?page_id=78"},"modified":"2025-04-07T06:03:50","modified_gmt":"2025-04-07T06:03:50","slug":"over-mij","status":"publish","type":"page","link":"https:\/\/howlita.nl\/nl\/over-mij\/","title":{"rendered":"Over mij"},"content":{"rendered":"\n<div class=\"wp-block-columns is-layout-flex wp-container-core-columns-is-layout-9d6595d7 wp-block-columns-is-layout-flex\">\n<div class=\"wp-block-column is-layout-flow wp-block-column-is-layout-flow\">\n<p class=\"has-text-align-center has-large-font-size\"><strong>Hi!<\/strong><\/p>\n\n\n\n<p>Ik ben een een Nederlandse Dark Fantasy artist onder de naam \u2018Howlita\u2019. Leuk dat je op mijn website en webshop komt kijken! Al sinds dat ik klein was ben ik altijd bezig geweest met het maken en ontwerpen van nieuwe personages en het bedenken van verhalen.<\/p>\n\n\n\n<p>Ik vind het leuk om tekeningen te maken in een fantasy, victorian, steampunk of horror stijl.<\/p>\n\n\n\n<p>Kijk gerust rond op mijn <a href=\"https:\/\/howlita.nl\" data-type=\"link\" data-id=\"https:\/\/howlita.nl\/nl\/\">shop<\/a> of <a href=\"https:\/\/howlita.nl\/portfolio\/\" data-type=\"link\" data-id=\"https:\/\/howlita.nl\/portfolio\/\">portfolio<\/a> gedeelte om te zien wat ik zoal maak.<\/p>\n\n\n\n<p>Het meeste heb ik mezelf aangeleerd, door elke dag te oefenen en nieuwe dingen uit te proberen. Doordat ik het meeste zelf heb moet- en uitzoeken. Heb ik heel lang het idee gehad om zelf ook les te geven in het illustreren. Ik geef daarom nu \u00e9\u00e9n op \u00e9\u00e9n lessen doormiddel van een <a href=\"https:\/\/howlita.nl\/contact\/\" data-type=\"link\" data-id=\"https:\/\/howlita.nl\/nl\/contact\/\">mentorship<\/a>.<\/p>\n\n\n\n<p>Naast dat ik nu lesgeef, sta ik ook op cons en werk ik in opdracht. Wil je graag een illustratie in opdracht? Vraag dan een <a href=\"https:\/\/howlita.nl\/contact\/\" data-type=\"link\" data-id=\"https:\/\/howlita.nl\/nl\/contact\/\">commissie<\/a> aan!<\/p>\n\n\n\n<p>Ook ben ik nu op cons te vinden. Hieronder een overzicht van cons waar ik met een tafel kom te staan:<\/p>\n\n\n\n<p><strong>Cons:<\/strong><\/p>\n\n\n\n<p>Deze onderstaande cons zijn allemaal bevestigd! <\/p>\n\n\n\n<p>Anime Con Rijswijk &#8211; 2- 4 mei 2025<\/p>\n\n\n\n<p>De Rariteitenbeurs Ravels Belgi\u00eb &#8211; 31 mei &#8211; 1 juni 2025<\/p>\n\n\n\n<p>Midzomer fair Archeon 21 &amp; 22 Juni<\/p>\n\n\n\n<p>Tomofair Utrecht- 5 juli 2025<\/p>\n\n\n\n<p>Mirai Nexus Meppel- 6 september 2025<\/p>\n\n\n\n<p>The Big Draws Nijmegen &#8211; 13 september 2025*<\/p>\n\n\n\n<p>Heroes Made in Asia Jaarbeurs Utrecht &#8211; 21 &amp; 22 maart 2026<\/p>\n\n\n\n<p>* <em>onder voorbehoud<\/em><\/p>\n<\/div>\n\n\n\n<div class=\"wp-block-column is-layout-flow wp-block-column-is-layout-flow\"><\/div>\n<\/div>\n\n\n\n<div class=\"wp-block-columns is-layout-flex wp-container-core-columns-is-layout-9d6595d7 wp-block-columns-is-layout-flex\">\n<div class=\"wp-block-column is-layout-flow wp-block-column-is-layout-flow\"><\/div>\n\n\n\n<div class=\"wp-block-column is-layout-flow wp-block-column-is-layout-flow\"><\/div>\n<\/div>\n\n\n\n<p><\/p>\n","protected":false},"excerpt":{"rendered":"<p>Hi! Ik ben een een Nederlandse Dark Fantasy artist onder de naam \u2018Howlita\u2019. Leuk dat je op mijn website en webshop komt kijken! Al sinds dat ik klein was ben ik altijd bezig geweest met het maken en ontwerpen van nieuwe personages en het bedenken van verhalen. Ik vind het leuk om tekeningen te maken [&hellip;]<\/p>\n","protected":false},"author":1,"featured_media":0,"parent":0,"menu_order":0,"comment_status":"closed","ping_status":"closed","template":"","meta":{"footnotes":""},"class_list":["post-78","page","type-page","status-publish","hentry"],"_links":{"self":[{"href":"https:\/\/howlita.nl\/nl\/wp-json\/wp\/v2\/pages\/78","targetHints":{"allow":["GET"]}}],"collection":[{"href":"https:\/\/howlita.nl\/nl\/wp-json\/wp\/v2\/pages"}],"about":[{"href":"https:\/\/howlita.nl\/nl\/wp-json\/wp\/v2\/types\/page"}],"author":[{"embeddable":true,"href":"https:\/\/howlita.nl\/nl\/wp-json\/wp\/v2\/users\/1"}],"replies":[{"embeddable":true,"href":"https:\/\/howlita.nl\/nl\/wp-json\/wp\/v2\/comments?post=78"}],"version-history":[{"count":5,"href":"https:\/\/howlita.nl\/nl\/wp-json\/wp\/v2\/pages\/78\/revisions"}],"predecessor-version":[{"id":1816,"href":"https:\/\/howlita.nl\/nl\/wp-json\/wp\/v2\/pages\/78\/revisions\/1816"}],"wp:attachment":[{"href":"https:\/\/howlita.nl\/nl\/wp-json\/wp\/v2\/media?parent=78"}],"curies":[{"name":"wp","href":"https:\/\/api.w.org\/{rel}","templated":true}]}}