{"id":458,"date":"2024-08-11T16:47:43","date_gmt":"2024-08-11T16:47:43","guid":{"rendered":"https:\/\/howlita.nl\/?page_id=458"},"modified":"2025-05-06T08:26:17","modified_gmt":"2025-05-06T08:26:17","slug":"schilderen-van-gestileerd-portret-in-photoshop","status":"publish","type":"page","link":"https:\/\/howlita.nl\/nl\/schilderen-van-gestileerd-portret-in-photoshop\/","title":{"rendered":"Schilderen van gestileerd portret in Photoshop"},"content":{"rendered":"\n<div class=\"wp-block-buttons is-content-justification-center is-layout-flex wp-container-core-buttons-is-layout-16018d1d wp-block-buttons-is-layout-flex\">\n<div class=\"wp-block-button\"><a class=\"wp-block-button__link wp-element-button\" href=\"https:\/\/howlita.nl\/masterclass\/\">Masterclass<\/a><\/div>\n<\/div>\n\n\n\n<p>Wil je graag een gestileerd portret schilderen in een digitaal programma zoals Photoshop? Dan is deze masterclass iets voor jou! In deze masterclass neem ik je mee van eerste schets tot uiteindelijk resultaat.<\/p>\n\n\n\n<p>Voor wie is deze masterclass?<\/p>\n\n\n\n<p>Voor beginners en intermediate. In deze masterclass mag je zelf een tekening maken of de lineart<br>gebruiken die ik je geef.<\/p>\n\n\n\n<p>In deze masterclass leer je:<\/p>\n\n\n\n<ul class=\"wp-block-list\">\n<li>Hoe je op een idee komt voor een stylistisch portret<\/li>\n\n\n\n<li>De meest gebruikte tools in Photoshop voor digitaal schilderen<\/li>\n\n\n\n<li>Het belang van referentie<\/li>\n\n\n\n<li>Digitale Schildertechnieken<\/li>\n\n\n\n<li>Hoe je het portret opbouwt van begin tot eind<\/li>\n<\/ul>\n\n\n\n<p>Waar word de masterclass gegeven?<\/p>\n\n\n\n<p>De \u00e9\u00e9n op \u00e9\u00e9n masterclass is online via videobellen. Ik kan ingehuurd worden voor een groepsles voor bijvoorbeeld op een school.<\/p>\n\n\n\n<p>Duur masterclass:<\/p>\n\n\n\n<p>Deze class duurt ongeveer 4 uur.<\/p>\n\n\n\n<p>Kosten masterclass<\/p>\n\n\n\n<p>\u20ac250,- <\/p>\n\n\n\n<p>Bij deze masterclass krijg je gratis een PDF bestand met alle stappen.<\/p>\n\n\n\n<p>Ik kan ingehuurd worden voor een groepsles. Voor een groepsles hanteer ik andere tarieven. Neem hier voor <a href=\"https:\/\/howlita.nl\/contact\/\" data-type=\"link\" data-id=\"https:\/\/howlita.nl\/contact\/\">contact<\/a> op.<\/p>\n\n\n\n<p>Hieronder wat voorbeelden:<\/p>\n\n\n\n<figure class=\"wp-block-gallery has-nested-images columns-default is-cropped wp-block-gallery-1 is-layout-flex wp-block-gallery-is-layout-flex\">\n<figure class=\"wp-block-image size-large\"><img loading=\"lazy\" decoding=\"async\" width=\"724\" height=\"1024\" data-id=\"1539\" src=\"https:\/\/howlita.nl\/wp-content\/uploads\/Redraw-Karlach-keychain-2-724x1024.png\" alt=\"\" class=\"wp-image-1539\" srcset=\"https:\/\/howlita.nl\/wp-content\/uploads\/Redraw-Karlach-keychain-2-724x1024.png 724w, https:\/\/howlita.nl\/wp-content\/uploads\/Redraw-Karlach-keychain-2-530x750.png 530w, https:\/\/howlita.nl\/wp-content\/uploads\/Redraw-Karlach-keychain-2-768x1087.png 768w, https:\/\/howlita.nl\/wp-content\/uploads\/Redraw-Karlach-keychain-2-8x12.png 8w, https:\/\/howlita.nl\/wp-content\/uploads\/Redraw-Karlach-keychain-2-300x424.png 300w, https:\/\/howlita.nl\/wp-content\/uploads\/Redraw-Karlach-keychain-2.png 827w\" sizes=\"auto, (max-width: 724px) 100vw, 724px\" \/><\/figure>\n\n\n\n<figure class=\"wp-block-image size-large\"><img loading=\"lazy\" decoding=\"async\" width=\"724\" height=\"1024\" data-id=\"1492\" src=\"https:\/\/howlita.nl\/wp-content\/uploads\/new-astarion-portrait-4-724x1024.png\" alt=\"\" class=\"wp-image-1492\" srcset=\"https:\/\/howlita.nl\/wp-content\/uploads\/new-astarion-portrait-4-724x1024.png 724w, https:\/\/howlita.nl\/wp-content\/uploads\/new-astarion-portrait-4-530x750.png 530w, https:\/\/howlita.nl\/wp-content\/uploads\/new-astarion-portrait-4-768x1087.png 768w, https:\/\/howlita.nl\/wp-content\/uploads\/new-astarion-portrait-4-8x12.png 8w, https:\/\/howlita.nl\/wp-content\/uploads\/new-astarion-portrait-4-300x424.png 300w, https:\/\/howlita.nl\/wp-content\/uploads\/new-astarion-portrait-4.png 827w\" sizes=\"auto, (max-width: 724px) 100vw, 724px\" \/><\/figure>\n\n\n\n<figure class=\"wp-block-image size-large\"><img loading=\"lazy\" decoding=\"async\" width=\"724\" height=\"1024\" data-id=\"1415\" src=\"https:\/\/howlita.nl\/wp-content\/uploads\/New-portrait-shadowheart-724x1024.png\" alt=\"\" class=\"wp-image-1415\" srcset=\"https:\/\/howlita.nl\/wp-content\/uploads\/New-portrait-shadowheart-724x1024.png 724w, https:\/\/howlita.nl\/wp-content\/uploads\/New-portrait-shadowheart-530x750.png 530w, https:\/\/howlita.nl\/wp-content\/uploads\/New-portrait-shadowheart-768x1087.png 768w, https:\/\/howlita.nl\/wp-content\/uploads\/New-portrait-shadowheart-8x12.png 8w, https:\/\/howlita.nl\/wp-content\/uploads\/New-portrait-shadowheart-300x424.png 300w, https:\/\/howlita.nl\/wp-content\/uploads\/New-portrait-shadowheart.png 827w\" sizes=\"auto, (max-width: 724px) 100vw, 724px\" \/><\/figure>\n<\/figure>\n","protected":false},"excerpt":{"rendered":"<p>Wil je graag een gestileerd portret schilderen in een digitaal programma zoals Photoshop? Dan is deze masterclass iets voor jou! In deze masterclass neem ik je mee van eerste schets tot uiteindelijk resultaat. Voor wie is deze masterclass? Voor beginners en intermediate. In deze masterclass mag je zelf een tekening maken of de lineartgebruiken die [&hellip;]<\/p>\n","protected":false},"author":1,"featured_media":0,"parent":0,"menu_order":0,"comment_status":"closed","ping_status":"closed","template":"","meta":{"footnotes":""},"class_list":["post-458","page","type-page","status-publish","hentry"],"_links":{"self":[{"href":"https:\/\/howlita.nl\/nl\/wp-json\/wp\/v2\/pages\/458","targetHints":{"allow":["GET"]}}],"collection":[{"href":"https:\/\/howlita.nl\/nl\/wp-json\/wp\/v2\/pages"}],"about":[{"href":"https:\/\/howlita.nl\/nl\/wp-json\/wp\/v2\/types\/page"}],"author":[{"embeddable":true,"href":"https:\/\/howlita.nl\/nl\/wp-json\/wp\/v2\/users\/1"}],"replies":[{"embeddable":true,"href":"https:\/\/howlita.nl\/nl\/wp-json\/wp\/v2\/comments?post=458"}],"version-history":[{"count":5,"href":"https:\/\/howlita.nl\/nl\/wp-json\/wp\/v2\/pages\/458\/revisions"}],"predecessor-version":[{"id":1975,"href":"https:\/\/howlita.nl\/nl\/wp-json\/wp\/v2\/pages\/458\/revisions\/1975"}],"wp:attachment":[{"href":"https:\/\/howlita.nl\/nl\/wp-json\/wp\/v2\/media?parent=458"}],"curies":[{"name":"wp","href":"https:\/\/api.w.org\/{rel}","templated":true}]}}