{"id":1964,"date":"2025-05-06T08:19:58","date_gmt":"2025-05-06T08:19:58","guid":{"rendered":"https:\/\/howlita.nl\/?page_id=1964"},"modified":"2025-05-06T08:20:51","modified_gmt":"2025-05-06T08:20:51","slug":"character-design","status":"publish","type":"page","link":"https:\/\/howlita.nl\/nl\/character-design\/","title":{"rendered":"Character Design"},"content":{"rendered":"\n<p>Wil je graag een start maken in het designen van je eigen (DnD) character maar heb je geen idee hoe je beginnen moet? Dan is deze masterclass wat voor jou!<\/p>\n\n\n\n<p>In deze masterclass leer je de grondbeginselen van character design. Van korte theorie tot je eerste schetsen! <\/p>\n\n\n\n<p>Voor wie is deze masterclass?<\/p>\n\n\n\n<p>Deze masterclass is speciaal ontwikkeld voor beginners, je hebt dus geen tekenervaring nodig om mee te kunnen doen!<\/p>\n\n\n\n<p>In deze masterclass leer je:<\/p>\n\n\n\n<ul class=\"wp-block-list\">\n<li>De theorie achter een goede character design<\/li>\n\n\n\n<li>De storytelling achter een character<\/li>\n\n\n\n<li>Hoe je brainstormt en inspiratie krijgt voor je design<\/li>\n\n\n\n<li>Het belang van goede referentie in vorm van een moodboard<\/li>\n\n\n\n<li>Hoe je de eerste design principes toepast in schetsen<\/li>\n<\/ul>\n\n\n\n<p>Waar word de masterclass gegeven?<\/p>\n\n\n\n<p>De \u00e9\u00e9n op \u00e9\u00e9n masterclass is online via videobellen. Ik kan ingehuurd worden voor een groepsles voor bijvoorbeeld op een school.<\/p>\n\n\n\n<p>Duur masterclass:<\/p>\n\n\n\n<p>Deze class duurt ongeveer 4 uur.<\/p>\n\n\n\n<p>Kosten masterclass<\/p>\n\n\n\n<p>\u20ac200,- <\/p>\n\n\n\n<p>Bij deze masterclass krijg je na de les mijn presentatie in vorm van PDF meegestuurd.<\/p>\n\n\n\n<p>Ik kan ingehuurd worden voor een groepsles. Voor een groepsles hanteer ik andere tarieven. Neem hier voor&nbsp;<a href=\"https:\/\/howlita.nl\/contact\/\">contact<\/a>&nbsp;op.<\/p>\n\n\n\n<figure class=\"wp-block-gallery has-nested-images columns-default is-cropped wp-block-gallery-1 is-layout-flex wp-block-gallery-is-layout-flex\">\n<figure class=\"wp-block-image size-large\"><img loading=\"lazy\" decoding=\"async\" width=\"1024\" height=\"724\" data-id=\"1939\" src=\"https:\/\/howlita.nl\/wp-content\/uploads\/Necro-elf-thumbnail-sketch-eerste-1024x724.jpg\" alt=\"\" class=\"wp-image-1939\" srcset=\"https:\/\/howlita.nl\/wp-content\/uploads\/Necro-elf-thumbnail-sketch-eerste-1024x724.jpg 1024w, https:\/\/howlita.nl\/wp-content\/uploads\/Necro-elf-thumbnail-sketch-eerste-750x530.jpg 750w, https:\/\/howlita.nl\/wp-content\/uploads\/Necro-elf-thumbnail-sketch-eerste-768x543.jpg 768w, https:\/\/howlita.nl\/wp-content\/uploads\/Necro-elf-thumbnail-sketch-eerste-1536x1086.jpg 1536w, https:\/\/howlita.nl\/wp-content\/uploads\/Necro-elf-thumbnail-sketch-eerste-2048x1448.jpg 2048w, https:\/\/howlita.nl\/wp-content\/uploads\/Necro-elf-thumbnail-sketch-eerste-18x12.jpg 18w, https:\/\/howlita.nl\/wp-content\/uploads\/Necro-elf-thumbnail-sketch-eerste-300x212.jpg 300w\" sizes=\"auto, (max-width: 1024px) 100vw, 1024px\" \/><\/figure>\n\n\n\n<figure class=\"wp-block-image size-large\"><img loading=\"lazy\" decoding=\"async\" width=\"1024\" height=\"724\" data-id=\"1938\" src=\"https:\/\/howlita.nl\/wp-content\/uploads\/Necro-elf-thumbnail-sketch-derde-1024x724.jpg\" alt=\"\" class=\"wp-image-1938\" srcset=\"https:\/\/howlita.nl\/wp-content\/uploads\/Necro-elf-thumbnail-sketch-derde-1024x724.jpg 1024w, https:\/\/howlita.nl\/wp-content\/uploads\/Necro-elf-thumbnail-sketch-derde-750x530.jpg 750w, https:\/\/howlita.nl\/wp-content\/uploads\/Necro-elf-thumbnail-sketch-derde-768x543.jpg 768w, https:\/\/howlita.nl\/wp-content\/uploads\/Necro-elf-thumbnail-sketch-derde-1536x1086.jpg 1536w, https:\/\/howlita.nl\/wp-content\/uploads\/Necro-elf-thumbnail-sketch-derde-2048x1448.jpg 2048w, https:\/\/howlita.nl\/wp-content\/uploads\/Necro-elf-thumbnail-sketch-derde-18x12.jpg 18w, https:\/\/howlita.nl\/wp-content\/uploads\/Necro-elf-thumbnail-sketch-derde-300x212.jpg 300w\" sizes=\"auto, (max-width: 1024px) 100vw, 1024px\" \/><\/figure>\n\n\n\n<figure class=\"wp-block-image size-large\"><img loading=\"lazy\" decoding=\"async\" width=\"1024\" height=\"724\" data-id=\"1936\" src=\"https:\/\/howlita.nl\/wp-content\/uploads\/Necro-elf-thumbnail-sketch-tweede-1024x724.jpg\" alt=\"\" class=\"wp-image-1936\" srcset=\"https:\/\/howlita.nl\/wp-content\/uploads\/Necro-elf-thumbnail-sketch-tweede-1024x724.jpg 1024w, https:\/\/howlita.nl\/wp-content\/uploads\/Necro-elf-thumbnail-sketch-tweede-750x530.jpg 750w, https:\/\/howlita.nl\/wp-content\/uploads\/Necro-elf-thumbnail-sketch-tweede-768x543.jpg 768w, https:\/\/howlita.nl\/wp-content\/uploads\/Necro-elf-thumbnail-sketch-tweede-1536x1086.jpg 1536w, https:\/\/howlita.nl\/wp-content\/uploads\/Necro-elf-thumbnail-sketch-tweede-2048x1448.jpg 2048w, https:\/\/howlita.nl\/wp-content\/uploads\/Necro-elf-thumbnail-sketch-tweede-18x12.jpg 18w, https:\/\/howlita.nl\/wp-content\/uploads\/Necro-elf-thumbnail-sketch-tweede-300x212.jpg 300w\" sizes=\"auto, (max-width: 1024px) 100vw, 1024px\" \/><\/figure>\n\n\n\n<figure class=\"wp-block-image size-large\"><img loading=\"lazy\" decoding=\"async\" width=\"1024\" height=\"724\" data-id=\"1935\" src=\"https:\/\/howlita.nl\/wp-content\/uploads\/Necro-elf-thumbnail-sketch-4de-rij-1024x724.jpg\" alt=\"\" class=\"wp-image-1935\" srcset=\"https:\/\/howlita.nl\/wp-content\/uploads\/Necro-elf-thumbnail-sketch-4de-rij-1024x724.jpg 1024w, https:\/\/howlita.nl\/wp-content\/uploads\/Necro-elf-thumbnail-sketch-4de-rij-750x530.jpg 750w, https:\/\/howlita.nl\/wp-content\/uploads\/Necro-elf-thumbnail-sketch-4de-rij-768x543.jpg 768w, https:\/\/howlita.nl\/wp-content\/uploads\/Necro-elf-thumbnail-sketch-4de-rij-1536x1086.jpg 1536w, https:\/\/howlita.nl\/wp-content\/uploads\/Necro-elf-thumbnail-sketch-4de-rij-2048x1448.jpg 2048w, https:\/\/howlita.nl\/wp-content\/uploads\/Necro-elf-thumbnail-sketch-4de-rij-18x12.jpg 18w, https:\/\/howlita.nl\/wp-content\/uploads\/Necro-elf-thumbnail-sketch-4de-rij-300x212.jpg 300w\" sizes=\"auto, (max-width: 1024px) 100vw, 1024px\" \/><\/figure>\n<\/figure>\n","protected":false},"excerpt":{"rendered":"<p>Wil je graag een start maken in het designen van je eigen (DnD) character maar heb je geen idee hoe je beginnen moet? Dan is deze masterclass wat voor jou! In deze masterclass leer je de grondbeginselen van character design. Van korte theorie tot je eerste schetsen! Voor wie is deze masterclass? Deze masterclass is [&hellip;]<\/p>\n","protected":false},"author":2,"featured_media":0,"parent":0,"menu_order":0,"comment_status":"closed","ping_status":"closed","template":"","meta":{"footnotes":""},"class_list":["post-1964","page","type-page","status-publish","hentry"],"_links":{"self":[{"href":"https:\/\/howlita.nl\/nl\/wp-json\/wp\/v2\/pages\/1964","targetHints":{"allow":["GET"]}}],"collection":[{"href":"https:\/\/howlita.nl\/nl\/wp-json\/wp\/v2\/pages"}],"about":[{"href":"https:\/\/howlita.nl\/nl\/wp-json\/wp\/v2\/types\/page"}],"author":[{"embeddable":true,"href":"https:\/\/howlita.nl\/nl\/wp-json\/wp\/v2\/users\/2"}],"replies":[{"embeddable":true,"href":"https:\/\/howlita.nl\/nl\/wp-json\/wp\/v2\/comments?post=1964"}],"version-history":[{"count":2,"href":"https:\/\/howlita.nl\/nl\/wp-json\/wp\/v2\/pages\/1964\/revisions"}],"predecessor-version":[{"id":1967,"href":"https:\/\/howlita.nl\/nl\/wp-json\/wp\/v2\/pages\/1964\/revisions\/1967"}],"wp:attachment":[{"href":"https:\/\/howlita.nl\/nl\/wp-json\/wp\/v2\/media?parent=1964"}],"curies":[{"name":"wp","href":"https:\/\/api.w.org\/{rel}","templated":true}]}}