{"id":477,"date":"2024-08-11T17:02:43","date_gmt":"2024-08-11T17:02:43","guid":{"rendered":"https:\/\/howlita.nl\/?post_type=product&#038;p=477"},"modified":"2026-03-24T06:57:11","modified_gmt":"2026-03-24T06:57:11","slug":"pokemon-spooky-gengar-print","status":"publish","type":"product","link":"https:\/\/howlita.nl\/en\/product\/pokemon-spooky-gengar-print\/","title":{"rendered":"Pok\u00e9mon Spooky Gengar print"},"content":{"rendered":"<p>Pok\u00e9mon Spooky Gengar Print. Fanart from the popular Pok\u00e9mon TV series.<\/p>\n<p>Gengar is digitally painted in a spooky forest along with Gastly &amp; Haunter.<\/p>\n<p>A high quality print. Printed on 300 gram natural cardboard (white) paper.<\/p>\n<p>For extra protection, this is laminated on one side.<\/p>","protected":false},"excerpt":{"rendered":"<p>Available in A5 &amp; A4 format<\/p>","protected":false},"featured_media":171,"template":"","meta":[],"product_brand":[],"product_cat":[19],"product_tag":[],"class_list":{"0":"post-477","1":"product","2":"type-product","3":"status-publish","4":"has-post-thumbnail","6":"product_cat-prints","8":"first","9":"outofstock","10":"sale","11":"purchasable","12":"product-type-variable"},"_links":{"self":[{"href":"https:\/\/howlita.nl\/en\/wp-json\/wp\/v2\/product\/477","targetHints":{"allow":["GET"]}}],"collection":[{"href":"https:\/\/howlita.nl\/en\/wp-json\/wp\/v2\/product"}],"about":[{"href":"https:\/\/howlita.nl\/en\/wp-json\/wp\/v2\/types\/product"}],"wp:featuredmedia":[{"embeddable":true,"href":"https:\/\/howlita.nl\/en\/wp-json\/wp\/v2\/media\/171"}],"wp:attachment":[{"href":"https:\/\/howlita.nl\/en\/wp-json\/wp\/v2\/media?parent=477"}],"wp:term":[{"taxonomy":"product_brand","embeddable":true,"href":"https:\/\/howlita.nl\/en\/wp-json\/wp\/v2\/product_brand?post=477"},{"taxonomy":"product_cat","embeddable":true,"href":"https:\/\/howlita.nl\/en\/wp-json\/wp\/v2\/product_cat?post=477"},{"taxonomy":"product_tag","embeddable":true,"href":"https:\/\/howlita.nl\/en\/wp-json\/wp\/v2\/product_tag?post=477"}],"curies":[{"name":"wp","href":"https:\/\/api.w.org\/{rel}","templated":true}]}}