{"id":78,"date":"2024-07-05T19:25:55","date_gmt":"2024-07-05T19:25:55","guid":{"rendered":"https:\/\/howlita.nl\/?page_id=78"},"modified":"2025-04-07T06:03:50","modified_gmt":"2025-04-07T06:03:50","slug":"over-mij","status":"publish","type":"page","link":"https:\/\/howlita.nl\/en\/over-mij\/","title":{"rendered":"About me"},"content":{"rendered":"<div class=\"wp-block-columns is-layout-flex wp-container-core-columns-is-layout-9d6595d7 wp-block-columns-is-layout-flex\">\n<div class=\"wp-block-column is-layout-flow wp-block-column-is-layout-flow\">\n<p class=\"has-text-align-center has-large-font-size\"><strong>Hi!<\/strong><\/p>\n\n\n\n<p>I am a Dutch Dark Fantasy artist under the name &#039;Howlita&#039;. Nice that you are visiting my website and webshop! Ever since I was little I have always been busy creating and designing new characters and coming up with stories.<\/p>\n\n\n\n<p>I like to make drawings in a fantasy, victorian, steampunk or horror style.<\/p>\n\n\n\n<p>Feel free to look around my <a href=\"https:\/\/howlita.nl\/en\/\" data-type=\"link\" data-id=\"https:\/\/howlita.nl\/nl\/\">shop<\/a> or <a href=\"https:\/\/howlita.nl\/en\/portfolio\/\" data-type=\"link\" data-id=\"https:\/\/howlita.nl\/portfolio\/\">portfolio<\/a> section to see what I make.<\/p>\n\n\n\n<p>Het meeste heb ik mezelf aangeleerd, door elke dag te oefenen en nieuwe dingen uit te proberen. Doordat ik het meeste zelf heb moet- en uitzoeken. Heb ik heel lang het idee gehad om zelf ook les te geven in het illustreren. Ik geef daarom nu \u00e9\u00e9n op \u00e9\u00e9n lessen doormiddel van een <a href=\"https:\/\/howlita.nl\/en\/contact\/\" data-type=\"link\" data-id=\"https:\/\/howlita.nl\/nl\/contact\/\">mentorship<\/a>.<\/p>\n\n\n\n<p>Naast dat ik nu lesgeef, sta ik ook op cons en werk ik in opdracht. Wil je graag een illustratie in opdracht? Vraag dan een <a href=\"https:\/\/howlita.nl\/en\/contact\/\" data-type=\"link\" data-id=\"https:\/\/howlita.nl\/nl\/contact\/\">commission<\/a> On!<\/p>\n\n\n\n<p>I can also be found at cons now. Below is an overview of cons where I will be present with a table:<\/p>\n\n\n\n<p><strong>Cons:<\/strong><\/p>\n\n\n\n<p>These cons are all confirmed! <\/p>\n\n\n\n<p>Anime Con Rijswijk \u2013 2- 4 May 2025<\/p>\n\n\n\n<p>De Rariteitenbeurs Ravels Belgi\u00eb \u2013 31 May \u2013 1 June 2025<\/p>\n\n\n\n<p>Midzomer fair Archeon 21 &amp; 22 June<\/p>\n\n\n\n<p>Tomofair Utrecht- 5 July 2025<\/p>\n\n\n\n<p>Mirai Nexus Meppel- 6 September 2025<\/p>\n\n\n\n<p>The Big Draws Nijmegen \u2013 13 September 2025*<\/p>\n\n\n\n<p>Heroes Made in Asia Jaarbeurs Utrecht \u2013 21 &amp; 22 March 2026<\/p>\n\n\n\n<p>* <em>Not completely sure<\/em><\/p>\n<\/div>\n\n\n\n<div class=\"wp-block-column is-layout-flow wp-block-column-is-layout-flow\"><\/div>\n<\/div>\n\n\n\n<div class=\"wp-block-columns is-layout-flex wp-container-core-columns-is-layout-9d6595d7 wp-block-columns-is-layout-flex\">\n<div class=\"wp-block-column is-layout-flow wp-block-column-is-layout-flow\"><\/div>\n\n\n\n<div class=\"wp-block-column is-layout-flow wp-block-column-is-layout-flow\"><\/div>\n<\/div>\n\n\n\n<p><\/p>","protected":false},"excerpt":{"rendered":"<p>Hi! Ik ben een een Nederlandse Dark Fantasy artist onder de naam \u2018Howlita\u2019. Leuk dat je op mijn website en webshop komt kijken! Al sinds dat ik klein was ben ik altijd bezig geweest met het maken en ontwerpen van nieuwe personages en het bedenken van verhalen. Ik vind het leuk om tekeningen te maken [&hellip;]<\/p>\n","protected":false},"author":1,"featured_media":0,"parent":0,"menu_order":0,"comment_status":"closed","ping_status":"closed","template":"","meta":{"footnotes":""},"class_list":["post-78","page","type-page","status-publish","hentry"],"_links":{"self":[{"href":"https:\/\/howlita.nl\/en\/wp-json\/wp\/v2\/pages\/78","targetHints":{"allow":["GET"]}}],"collection":[{"href":"https:\/\/howlita.nl\/en\/wp-json\/wp\/v2\/pages"}],"about":[{"href":"https:\/\/howlita.nl\/en\/wp-json\/wp\/v2\/types\/page"}],"author":[{"embeddable":true,"href":"https:\/\/howlita.nl\/en\/wp-json\/wp\/v2\/users\/1"}],"replies":[{"embeddable":true,"href":"https:\/\/howlita.nl\/en\/wp-json\/wp\/v2\/comments?post=78"}],"version-history":[{"count":5,"href":"https:\/\/howlita.nl\/en\/wp-json\/wp\/v2\/pages\/78\/revisions"}],"predecessor-version":[{"id":1816,"href":"https:\/\/howlita.nl\/en\/wp-json\/wp\/v2\/pages\/78\/revisions\/1816"}],"wp:attachment":[{"href":"https:\/\/howlita.nl\/en\/wp-json\/wp\/v2\/media?parent=78"}],"curies":[{"name":"wp","href":"https:\/\/api.w.org\/{rel}","templated":true}]}}