{"id":1681,"date":"2025-03-09T10:19:24","date_gmt":"2025-03-09T10:19:24","guid":{"rendered":"https:\/\/howlita.nl\/?post_type=product&#038;p=1681"},"modified":"2025-10-22T06:51:57","modified_gmt":"2025-10-22T06:51:57","slug":"cyndaquil-herfst-print","status":"publish","type":"product","link":"http:\/\/howlita.nl\/nl\/product\/cyndaquil-herfst-print\/","title":{"rendered":"Cyndaquil herfst print"},"content":{"rendered":"<p>Een illustratie van een Pok\u00e9mon genaamd Cyndaquil.<\/p>\n<p>Deze vuur Pok\u00e9mon is ge\u00efntroduceerd in de tweede Pok\u00e9mon games: Gold &amp; Silver.<\/p>\n<p>De prints zijn op hoogwaardige kwaliteit geprint.<\/p>\n<p>De A6 is op 350 grams papier gedrukt met een soft touch laminaat afwerking. Dus hij is bestand tegen beschadigingen!<\/p>\n<p>De A5 is op 350 grams papier gedrukt met een soft touch laminaat afwerking. Dus hij is bestand tegen beschadigingen!<\/p>\n<p>De kleuren van de print kunnen in het echt afwijken van de foto&#8217;s. Ik heb bij de product foto&#8217;s zowel een afbeelding van de tekening digitaal toegevoegd als een foto van de print zelf!<\/p>\n","protected":false},"excerpt":{"rendered":"<p>Verkrijgbaar in A5 &amp; A6 formaat<\/p>\n","protected":false},"featured_media":1684,"template":"","meta":[],"product_brand":[],"product_cat":[19],"product_tag":[],"class_list":{"0":"post-1681","1":"product","2":"type-product","3":"status-publish","4":"has-post-thumbnail","6":"product_cat-prints","8":"first","9":"instock","10":"taxable","11":"shipping-taxable","12":"purchasable","13":"product-type-variable"},"_links":{"self":[{"href":"http:\/\/howlita.nl\/nl\/wp-json\/wp\/v2\/product\/1681","targetHints":{"allow":["GET"]}}],"collection":[{"href":"http:\/\/howlita.nl\/nl\/wp-json\/wp\/v2\/product"}],"about":[{"href":"http:\/\/howlita.nl\/nl\/wp-json\/wp\/v2\/types\/product"}],"wp:featuredmedia":[{"embeddable":true,"href":"http:\/\/howlita.nl\/nl\/wp-json\/wp\/v2\/media\/1684"}],"wp:attachment":[{"href":"http:\/\/howlita.nl\/nl\/wp-json\/wp\/v2\/media?parent=1681"}],"wp:term":[{"taxonomy":"product_brand","embeddable":true,"href":"http:\/\/howlita.nl\/nl\/wp-json\/wp\/v2\/product_brand?post=1681"},{"taxonomy":"product_cat","embeddable":true,"href":"http:\/\/howlita.nl\/nl\/wp-json\/wp\/v2\/product_cat?post=1681"},{"taxonomy":"product_tag","embeddable":true,"href":"http:\/\/howlita.nl\/nl\/wp-json\/wp\/v2\/product_tag?post=1681"}],"curies":[{"name":"wp","href":"https:\/\/api.w.org\/{rel}","templated":true}]}}