{"id":1676,"date":"2025-03-09T10:16:56","date_gmt":"2025-03-09T10:16:56","guid":{"rendered":"https:\/\/howlita.nl\/?post_type=product&#038;p=1676"},"modified":"2025-10-22T06:46:12","modified_gmt":"2025-10-22T06:46:12","slug":"ampharos-boom-print","status":"publish","type":"product","link":"http:\/\/howlita.nl\/nl\/product\/ampharos-boom-print\/","title":{"rendered":"Ampharos boom print"},"content":{"rendered":"<p>Een illustratie van een Pok\u00e9mon genaamd Ampharos.<\/p>\n<p>Deze elektrische Pok\u00e9mon is ge\u00efntroduceerd in de tweede Pok\u00e9mon games: Gold &amp; Silver.<\/p>\n<p>De prints zijn op hoogwaardige kwaliteit geprint.<\/p>\n<p>De A6 is op 350 grams papier gedrukt met een soft touch laminaat afwerking. Dus hij is bestand tegen beschadigingen!<\/p>\n<p>De A5 is op 350 grams papier gedrukt met een soft touch laminaat afwerking. Dus hij is bestand tegen beschadigingen!<\/p>\n<p>De kleuren van de print kunnen in het echt afwijken van de foto&#8217;s. Ik heb bij de product foto&#8217;s zowel een afbeelding van de tekening digitaal toegevoegd als een foto van de print zelf!<\/p>\n","protected":false},"excerpt":{"rendered":"<p>Verkrijgbaar in A5 &amp; A6 formaat<\/p>\n","protected":false},"featured_media":1679,"template":"","meta":[],"product_brand":[],"product_cat":[19],"product_tag":[],"class_list":{"0":"post-1676","1":"product","2":"type-product","3":"status-publish","4":"has-post-thumbnail","6":"product_cat-prints","8":"first","9":"instock","10":"taxable","11":"shipping-taxable","12":"purchasable","13":"product-type-variable"},"_links":{"self":[{"href":"http:\/\/howlita.nl\/nl\/wp-json\/wp\/v2\/product\/1676","targetHints":{"allow":["GET"]}}],"collection":[{"href":"http:\/\/howlita.nl\/nl\/wp-json\/wp\/v2\/product"}],"about":[{"href":"http:\/\/howlita.nl\/nl\/wp-json\/wp\/v2\/types\/product"}],"wp:featuredmedia":[{"embeddable":true,"href":"http:\/\/howlita.nl\/nl\/wp-json\/wp\/v2\/media\/1679"}],"wp:attachment":[{"href":"http:\/\/howlita.nl\/nl\/wp-json\/wp\/v2\/media?parent=1676"}],"wp:term":[{"taxonomy":"product_brand","embeddable":true,"href":"http:\/\/howlita.nl\/nl\/wp-json\/wp\/v2\/product_brand?post=1676"},{"taxonomy":"product_cat","embeddable":true,"href":"http:\/\/howlita.nl\/nl\/wp-json\/wp\/v2\/product_cat?post=1676"},{"taxonomy":"product_tag","embeddable":true,"href":"http:\/\/howlita.nl\/nl\/wp-json\/wp\/v2\/product_tag?post=1676"}],"curies":[{"name":"wp","href":"https:\/\/api.w.org\/{rel}","templated":true}]}}