{"id":86,"date":"2024-07-05T19:26:26","date_gmt":"2024-07-05T19:26:26","guid":{"rendered":"https:\/\/howlita.nl\/?page_id=86"},"modified":"2025-05-06T08:27:42","modified_gmt":"2025-05-06T08:27:42","slug":"masterclass","status":"publish","type":"page","link":"http:\/\/howlita.nl\/en\/masterclass\/","title":{"rendered":"Masterclass"},"content":{"rendered":"<div class=\"wp-block-buttons is-content-justification-center is-layout-flex wp-container-core-buttons-is-layout-16018d1d wp-block-buttons-is-layout-flex\">\n<div class=\"wp-block-button\"><a class=\"wp-block-button__link wp-element-button\" href=\"https:\/\/howlita.nl\/en\/mentorships\/\">Mentorships<\/a><\/div>\n\n\n\n<div class=\"wp-block-button\"><a class=\"wp-block-button__link wp-element-button\" href=\"https:\/\/howlita.nl\/en\/masterclass\/\">Masterclass<\/a><\/div>\n\n\n\n<div class=\"wp-block-button\"><a class=\"wp-block-button__link wp-element-button\" href=\"https:\/\/howlita.nl\/en\/consult\/\">Consult<\/a><\/div>\n\n\n\n<div class=\"wp-block-button\"><a class=\"wp-block-button__link wp-element-button\" href=\"https:\/\/howlita.nl\/en\/voorwaarden\/\">Terms and Conditions<\/a><\/div>\n<\/div>\n\n\n\n<p><em>Masterclass<\/em><\/p>\n\n\n\n<p>You can hire me to give a masterclass. I can give this masterclass one-on-one via video calling or for a group.<\/p>\n\n\n\n<p>I have several masterclasses on offer to give. The masterclasses can vary from an hour to a day of teaching material. Would you like a different masterclass? Then contact <a href=\"https:\/\/howlita.nl\/en\/contact\/\" data-type=\"link\" data-id=\"https:\/\/howlita.nl\/contact\/\">contact <\/a>with me on.<\/p>\n\n\n\n<p>I offer the following masterclasses:<\/p>\n\n\n\n<figure class=\"wp-block-gallery has-nested-images columns-default is-cropped wp-block-gallery-1 is-layout-flex wp-block-gallery-is-layout-flex\">\n<figure class=\"wp-block-image size-large\"><a href=\"https:\/\/howlita.nl\/en\/schilderen-van-gestileerd-portret-in-photoshop\/\"><img loading=\"lazy\" decoding=\"async\" width=\"724\" height=\"1024\" data-id=\"1970\" src=\"https:\/\/howlita.nl\/wp-content\/uploads\/Marcille-dungeon-messhi-clean-3-724x1024.png\" alt=\"\" class=\"wp-image-1970\" srcset=\"https:\/\/howlita.nl\/wp-content\/uploads\/Marcille-dungeon-messhi-clean-3-724x1024.png 724w, https:\/\/howlita.nl\/wp-content\/uploads\/Marcille-dungeon-messhi-clean-3-530x750.png 530w, https:\/\/howlita.nl\/wp-content\/uploads\/Marcille-dungeon-messhi-clean-3-768x1087.png 768w, https:\/\/howlita.nl\/wp-content\/uploads\/Marcille-dungeon-messhi-clean-3-8x12.png 8w, https:\/\/howlita.nl\/wp-content\/uploads\/Marcille-dungeon-messhi-clean-3-300x424.png 300w, https:\/\/howlita.nl\/wp-content\/uploads\/Marcille-dungeon-messhi-clean-3.png 827w\" sizes=\"auto, (max-width: 724px) 100vw, 724px\" \/><\/a><figcaption class=\"wp-element-caption\">Painting a stylized portrait in Photoshop<\/figcaption><\/figure>\n\n\n\n<figure class=\"wp-block-image size-large\"><img loading=\"lazy\" decoding=\"async\" width=\"507\" height=\"724\" data-id=\"449\" src=\"https:\/\/howlita.nl\/wp-content\/uploads\/In-ontwikkeling.jpg\" alt=\"\" class=\"wp-image-449\" srcset=\"https:\/\/howlita.nl\/wp-content\/uploads\/In-ontwikkeling.jpg 507w, https:\/\/howlita.nl\/wp-content\/uploads\/In-ontwikkeling-300x428.jpg 300w, https:\/\/howlita.nl\/wp-content\/uploads\/In-ontwikkeling-8x12.jpg 8w\" sizes=\"auto, (max-width: 507px) 100vw, 507px\" \/><figcaption class=\"wp-element-caption\">Painting a background<\/figcaption><\/figure>\n\n\n\n<figure class=\"wp-block-image size-large\"><img loading=\"lazy\" decoding=\"async\" width=\"507\" height=\"724\" data-id=\"450\" src=\"https:\/\/howlita.nl\/wp-content\/uploads\/In-ontwikkeling2.jpg\" alt=\"\" class=\"wp-image-450\" srcset=\"https:\/\/howlita.nl\/wp-content\/uploads\/In-ontwikkeling2.jpg 507w, https:\/\/howlita.nl\/wp-content\/uploads\/In-ontwikkeling2-300x428.jpg 300w, https:\/\/howlita.nl\/wp-content\/uploads\/In-ontwikkeling2-8x12.jpg 8w\" sizes=\"auto, (max-width: 507px) 100vw, 507px\" \/><figcaption class=\"wp-element-caption\">How to make narrative illustrations<\/figcaption><\/figure>\n\n\n\n<figure class=\"wp-block-image size-large is-style-default\"><a href=\"https:\/\/howlita.nl\/en\/character-design\/\"><img loading=\"lazy\" decoding=\"async\" width=\"724\" height=\"1024\" data-id=\"1930\" src=\"https:\/\/howlita.nl\/wp-content\/uploads\/Necro-elf-DD-Full-body-724x1024.png\" alt=\"\" class=\"wp-image-1930\" srcset=\"https:\/\/howlita.nl\/wp-content\/uploads\/Necro-elf-DD-Full-body-724x1024.png 724w, https:\/\/howlita.nl\/wp-content\/uploads\/Necro-elf-DD-Full-body-530x750.png 530w, https:\/\/howlita.nl\/wp-content\/uploads\/Necro-elf-DD-Full-body-768x1087.png 768w, https:\/\/howlita.nl\/wp-content\/uploads\/Necro-elf-DD-Full-body-8x12.png 8w, https:\/\/howlita.nl\/wp-content\/uploads\/Necro-elf-DD-Full-body-300x424.png 300w, https:\/\/howlita.nl\/wp-content\/uploads\/Necro-elf-DD-Full-body.png 827w\" sizes=\"auto, (max-width: 724px) 100vw, 724px\" \/><\/a><figcaption class=\"wp-element-caption\"><mark style=\"background-color:rgba(0, 0, 0, 0)\" class=\"has-inline-color has-black-color\">Character Design<\/mark><\/figcaption><\/figure>\n\n\n\n<figure class=\"wp-block-image size-large\"><img loading=\"lazy\" decoding=\"async\" width=\"507\" height=\"724\" data-id=\"452\" src=\"https:\/\/howlita.nl\/wp-content\/uploads\/In-ontwikkeling4.jpg\" alt=\"\" class=\"wp-image-452\" srcset=\"https:\/\/howlita.nl\/wp-content\/uploads\/In-ontwikkeling4.jpg 507w, https:\/\/howlita.nl\/wp-content\/uploads\/In-ontwikkeling4-300x428.jpg 300w, https:\/\/howlita.nl\/wp-content\/uploads\/In-ontwikkeling4-8x12.jpg 8w\" sizes=\"auto, (max-width: 507px) 100vw, 507px\" \/><figcaption class=\"wp-element-caption\">Storyboarding<\/figcaption><\/figure>\n\n\n\n<figure class=\"wp-block-image size-large\"><img loading=\"lazy\" decoding=\"async\" width=\"507\" height=\"724\" data-id=\"453\" src=\"https:\/\/howlita.nl\/wp-content\/uploads\/In-ontwikkeling5.jpg\" alt=\"\" class=\"wp-image-453\" srcset=\"https:\/\/howlita.nl\/wp-content\/uploads\/In-ontwikkeling5.jpg 507w, https:\/\/howlita.nl\/wp-content\/uploads\/In-ontwikkeling5-300x428.jpg 300w, https:\/\/howlita.nl\/wp-content\/uploads\/In-ontwikkeling5-8x12.jpg 8w\" sizes=\"auto, (max-width: 507px) 100vw, 507px\" \/><figcaption class=\"wp-element-caption\">Animating your illustration in After Effects<\/figcaption><\/figure>\n<\/figure>\n\n\n\n<p><\/p>","protected":false},"excerpt":{"rendered":"<p>Masterclass Je kunt mij inhuren voor het geven van een masterclass. Deze masterclass kan ik \u00e9\u00e9n op \u00e9\u00e9n geven via videobellen of voor een groep. Ik heb verschillende masterclasses in de aanbieding om te geven. De masterclasses kunnen verschillen van een uur tot een dag lang aan lesstof. Wil je graag een andere masterclass? Neem [&hellip;]<\/p>\n","protected":false},"author":1,"featured_media":0,"parent":0,"menu_order":0,"comment_status":"closed","ping_status":"closed","template":"","meta":{"footnotes":""},"class_list":["post-86","page","type-page","status-publish","hentry"],"_links":{"self":[{"href":"http:\/\/howlita.nl\/en\/wp-json\/wp\/v2\/pages\/86","targetHints":{"allow":["GET"]}}],"collection":[{"href":"http:\/\/howlita.nl\/en\/wp-json\/wp\/v2\/pages"}],"about":[{"href":"http:\/\/howlita.nl\/en\/wp-json\/wp\/v2\/types\/page"}],"author":[{"embeddable":true,"href":"http:\/\/howlita.nl\/en\/wp-json\/wp\/v2\/users\/1"}],"replies":[{"embeddable":true,"href":"http:\/\/howlita.nl\/en\/wp-json\/wp\/v2\/comments?post=86"}],"version-history":[{"count":5,"href":"http:\/\/howlita.nl\/en\/wp-json\/wp\/v2\/pages\/86\/revisions"}],"predecessor-version":[{"id":1976,"href":"http:\/\/howlita.nl\/en\/wp-json\/wp\/v2\/pages\/86\/revisions\/1976"}],"wp:attachment":[{"href":"http:\/\/howlita.nl\/en\/wp-json\/wp\/v2\/media?parent=86"}],"curies":[{"name":"wp","href":"https:\/\/api.w.org\/{rel}","templated":true}]}}